{"id":1117,"date":"2025-02-01T23:00:13","date_gmt":"2025-02-01T23:00:13","guid":{"rendered":"https:\/\/cardoche.de\/Startseite\/?page_id=1117"},"modified":"2025-02-01T23:14:11","modified_gmt":"2025-02-01T23:14:11","slug":"wir-stehen-schon-in-den-startloechern","status":"publish","type":"page","link":"https:\/\/cardoche.de\/Startseite\/","title":{"rendered":"Wir stehen schon in den Startl\u00f6chern!"},"content":{"rendered":"\n<p>Wir sind zwar noch nicht ganz fertig, aber wir legen jetzt schon f\u00fcr dich los!<br>Bald sind dann auch alle Features f\u00fcr dich verf\u00fcgbar!<\/p>\n\n\n\n<p><br>Unsere Website ist gerade frisch online gegangen, und wir freuen uns, dich hier zu begr\u00fc\u00dfen! \ud83c\udfaf<br><br>Derzeit arbeiten wir mit Hochdruck daran, all unsere Services vollst\u00e4ndig bereitzustellen \u2013 darunter der&nbsp;<strong>Marktplatz<\/strong>, ein&nbsp;<strong>exklusiver Mitgliederbereich<\/strong>&nbsp;und viele weitere spannende Funktionen.<br>Du kannst dich aber schon jetzt auf unsere einzigartigen Angebote freuen:<br><br>Den&nbsp;<strong>#1 Dart Trading Card Price Guide<\/strong>,<br>individuelle&nbsp;<strong>Promotionen und Kollaborationen<\/strong><br>und unseren professionellen&nbsp;<strong>Grading- und Vault-Service<\/strong>.<br><br>W\u00e4hrend wir an den letzten Details feilen, kannst du bereits in unseren Blogbeitr\u00e4gen st\u00f6bern, spannende<br>Neuigkeiten aus der Welt des Dartsports entdecken und selbstverst\u00e4ndlich gerne Kontakt mit uns aufnehmen.<br><br>Wir freuen uns \u00fcber dein Feedback und deine Fragen!<br><br>Bleib gespannt \u2013 hier entsteht&nbsp;<strong>dein Zuhause f\u00fcr alles rund um Darts und Trading Cards<\/strong>. \ud83c\udfaf<\/p>\n\n\n<div class=\"n2-section-smartslider fitvidsignore  n2_clear\" data-ssid=\"3\"><div id=\"n2-ss-3-align\" class=\"n2-ss-align\"><div class=\"n2-padding\"><div id=\"n2-ss-3\" data-creator=\"Smart Slider 3\" data-responsive=\"auto\" class=\"n2-ss-slider n2-ow n2-has-hover n2notransition  \">\n\n\n\n\n\n\n\n\n\n\n\n\n\n\n\n\n\n\n\n\n\n<div class=\"n2-ss-slider-wrapper-inside\">\n        <div class=\"n2-ss-slider-1 n2_ss__touch_element n2-ow\">\n            <div class=\"n2-ss-slider-2 n2-ow\">\n                                                <div class=\"n2-ss-slider-3 n2-ow\">\n\n                    <div class=\"n2-ss-slide-backgrounds n2-ow-all\"><div class=\"n2-ss-slide-background\" data-public-id=\"1\" data-mode=\"fill\"><div class=\"n2-ss-slide-background-image\" data-blur=\"0\" data-opacity=\"100\" data-x=\"67\" data-y=\"100\" data-alt=\"\" data-title=\"\" style=\"--ss-o-pos-x:67%;--ss-o-pos-y:100%\"><picture class=\"skip-lazy\" data-skip-lazy=\"1\"><img decoding=\"async\" src=\"\/\/cardoche.de\/wp-content\/uploads\/2025\/01\/News.jpg\" alt=\"\" title=\"\" loading=\"lazy\" class=\"skip-lazy\" data-skip-lazy=\"1\"><\/picture><\/div><div data-color=\"RGBA(255,255,255,0)\" style=\"background-color: RGBA(255,255,255,0);\" class=\"n2-ss-slide-background-color\"><\/div><\/div><div class=\"n2-ss-slide-background\" data-public-id=\"2\" data-mode=\"fill\" aria-hidden=\"true\"><div class=\"n2-ss-slide-background-image\" data-blur=\"0\" data-opacity=\"100\" data-x=\"50\" data-y=\"50\" data-alt=\"\" data-title=\"\"><picture class=\"skip-lazy\" data-skip-lazy=\"1\"><img decoding=\"async\" src=\"\/\/cardoche.de\/wp-content\/uploads\/2025\/01\/Events.jpg\" alt=\"\" title=\"\" loading=\"lazy\" class=\"skip-lazy\" data-skip-lazy=\"1\"><\/picture><\/div><div data-color=\"RGBA(255,255,255,0)\" style=\"background-color: RGBA(255,255,255,0);\" class=\"n2-ss-slide-background-color\"><\/div><\/div><div class=\"n2-ss-slide-background\" data-public-id=\"3\" data-mode=\"fill\" aria-hidden=\"true\"><div class=\"n2-ss-slide-background-image\" data-blur=\"0\" data-opacity=\"100\" data-x=\"50\" data-y=\"50\" data-alt=\"\" data-title=\"\"><picture class=\"skip-lazy\" data-skip-lazy=\"1\"><img decoding=\"async\" src=\"\/\/cardoche.de\/wp-content\/uploads\/2025\/01\/Collaborationen.jpg\" alt=\"\" title=\"\" loading=\"lazy\" class=\"skip-lazy\" data-skip-lazy=\"1\"><\/picture><\/div><div data-color=\"RGBA(255,255,255,0)\" style=\"background-color: RGBA(255,255,255,0);\" class=\"n2-ss-slide-background-color\"><\/div><\/div><div class=\"n2-ss-slide-background\" data-public-id=\"4\" data-mode=\"fill\" aria-hidden=\"true\"><div class=\"n2-ss-slide-background-image\" data-blur=\"0\" data-opacity=\"100\" data-x=\"50\" data-y=\"50\" data-alt=\"\" data-title=\"\"><picture class=\"skip-lazy\" data-skip-lazy=\"1\"><img decoding=\"async\" src=\"\/\/cardoche.de\/wp-content\/uploads\/2025\/01\/Promotions.jpg\" alt=\"\" title=\"\" loading=\"lazy\" class=\"skip-lazy\" data-skip-lazy=\"1\"><\/picture><\/div><div data-color=\"RGBA(255,255,255,0)\" style=\"background-color: RGBA(255,255,255,0);\" class=\"n2-ss-slide-background-color\"><\/div><\/div><div class=\"n2-ss-slide-background\" data-public-id=\"5\" data-mode=\"fill\" aria-hidden=\"true\"><div class=\"n2-ss-slide-background-image\" data-blur=\"0\" data-opacity=\"100\" data-x=\"50\" data-y=\"50\" data-alt=\"\" data-title=\"\"><picture class=\"skip-lazy\" data-skip-lazy=\"1\"><img decoding=\"async\" src=\"\/\/cardoche.de\/wp-content\/uploads\/2025\/01\/Vault-Service.jpg\" alt=\"\" title=\"\" loading=\"lazy\" class=\"skip-lazy\" data-skip-lazy=\"1\"><\/picture><\/div><div data-color=\"RGBA(255,255,255,0)\" style=\"background-color: RGBA(255,255,255,0);\" class=\"n2-ss-slide-background-color\"><\/div><\/div><div class=\"n2-ss-slide-background\" data-public-id=\"6\" data-mode=\"fill\" aria-hidden=\"true\"><div class=\"n2-ss-slide-background-image\" data-blur=\"0\" data-opacity=\"100\" data-x=\"50\" data-y=\"50\" data-alt=\"\" data-title=\"\"><picture class=\"skip-lazy\" data-skip-lazy=\"1\"><img decoding=\"async\" src=\"\/\/cardoche.de\/wp-content\/uploads\/2025\/01\/Grading-Service.jpg\" alt=\"\" title=\"\" loading=\"lazy\" class=\"skip-lazy\" data-skip-lazy=\"1\"><\/picture><\/div><div data-color=\"RGBA(255,255,255,0)\" style=\"background-color: RGBA(255,255,255,0);\" class=\"n2-ss-slide-background-color\"><\/div><\/div><div class=\"n2-ss-slide-background\" data-public-id=\"7\" data-mode=\"fill\" aria-hidden=\"true\"><div class=\"n2-ss-slide-background-image\" data-blur=\"0\" data-opacity=\"100\" data-x=\"50\" data-y=\"50\" data-alt=\"\" data-title=\"\"><picture class=\"skip-lazy\" data-skip-lazy=\"1\"><img decoding=\"async\" src=\"\/\/cardoche.de\/wp-content\/uploads\/2025\/01\/Marktplatz-.jpg\" alt=\"\" title=\"\" loading=\"lazy\" class=\"skip-lazy\" data-skip-lazy=\"1\"><\/picture><\/div><div data-color=\"RGBA(255,255,255,0)\" style=\"background-color: RGBA(255,255,255,0);\" class=\"n2-ss-slide-background-color\"><\/div><\/div><div class=\"n2-ss-slide-background\" data-public-id=\"8\" data-mode=\"fill\" aria-hidden=\"true\"><div class=\"n2-ss-slide-background-image\" data-blur=\"0\" data-opacity=\"100\" data-x=\"50\" data-y=\"50\" data-alt=\"\" data-title=\"\"><picture class=\"skip-lazy\" data-skip-lazy=\"1\"><img decoding=\"async\" src=\"\/\/cardoche.de\/wp-content\/uploads\/2025\/01\/Design-ohne-Titel-15.jpg\" alt=\"\" title=\"\" loading=\"lazy\" class=\"skip-lazy\" data-skip-lazy=\"1\"><\/picture><\/div><div data-color=\"RGBA(255,255,255,0)\" style=\"background-color: RGBA(255,255,255,0);\" class=\"n2-ss-slide-background-color\"><\/div><\/div><\/div>                    <div class=\"n2-ss-slider-4 n2-ow\">\n                        <svg xmlns=\"http:\/\/www.w3.org\/2000\/svg\" viewBox=\"0 0 800 400\" data-related-device=\"desktopPortrait\" class=\"n2-ow n2-ss-preserve-size n2-ss-preserve-size--slider n2-ss-slide-limiter\"><\/svg><div data-first=\"1\" data-slide-duration=\"0\" data-id=\"16\" data-slide-public-id=\"1\" data-title=\"News!News!News!\" data-description=\"Verpasse nichts! Die neuesten Trends, Highlights, spannende Funde und wichtige Ank\u00fcndigungen gibt\u2019s hier. \" class=\"n2-ss-slide n2-ow  n2-ss-slide-16\"><div role=\"note\" class=\"n2-ss-slide--focus\" tabindex=\"-1\">News!News!News!<\/div><div class=\"n2-ss-layers-container n2-ss-slide-limiter n2-ow\"><div class=\"n2-ss-layer n2-ow n-uc-gdoKMRMJ0ejR\" data-sstype=\"slide\" data-pm=\"default\"><div class=\"n2-ss-layer n2-ow n-uc-KlatrU7ROoDx\" data-pm=\"default\" data-sstype=\"content\" data-hasbackground=\"0\"><div class=\"n2-ss-section-main-content n2-ss-layer-with-background n2-ss-layer-content n2-ow n-uc-KlatrU7ROoDx-inner\"><div class=\"n2-ss-layer n2-ow n2-ss-layer--block n2-ss-has-self-align n-uc-1a0d03d1d719d\" data-pm=\"normal\" data-sstype=\"row\"><div class=\"n2-ss-layer-row n2-ss-layer-with-background n-uc-1a0d03d1d719d-inner\"><div class=\"n2-ss-layer-row-inner \"><div class=\"n2-ss-layer n2-ow n-uc-181bb35c4501e\" data-pm=\"default\" data-sstype=\"col\"><div class=\"n2-ss-layer-col n2-ss-layer-with-background n2-ss-layer-content n-uc-181bb35c4501e-inner\"><\/div><\/div><\/div><\/div><\/div><\/div><\/div><\/div><\/div><\/div><div data-slide-duration=\"0\" data-id=\"19\" data-slide-public-id=\"2\" aria-hidden=\"true\" data-title=\"Events\" data-description=\"Turniere, Messen &amp; Treffen! Alle wichtigen Termine, die du nicht verpassen solltest.\" class=\"n2-ss-slide n2-ow  n2-ss-slide-19\"><div role=\"note\" class=\"n2-ss-slide--focus\" tabindex=\"-1\">Events<\/div><div class=\"n2-ss-layers-container n2-ss-slide-limiter n2-ow\"><div class=\"n2-ss-layer n2-ow n-uc-ERxFqA5juZ8F\" data-sstype=\"slide\" data-pm=\"default\"><\/div><\/div><\/div><div data-slide-duration=\"0\" data-id=\"20\" data-slide-public-id=\"3\" aria-hidden=\"true\" data-title=\"Collaborationen\" data-description=\"Gemeinsam st\u00e4rker:\u00a0Zusammenarbeit mit anderen Marken, Plattformen, Profispielern oder Events, um exklusive Inhalte und Produkte zu schaffen.\" class=\"n2-ss-slide n2-ow  n2-ss-slide-20\"><div role=\"note\" class=\"n2-ss-slide--focus\" tabindex=\"-1\">Collaborationen<\/div><div class=\"n2-ss-layers-container n2-ss-slide-limiter n2-ow\"><div class=\"n2-ss-layer n2-ow n-uc-EZmRoyUh2jaR\" data-sstype=\"slide\" data-pm=\"default\"><\/div><\/div><\/div><div data-slide-duration=\"0\" data-id=\"22\" data-slide-public-id=\"4\" aria-hidden=\"true\" data-title=\"Promotions\" data-description=\"Deine Marke, unsere B\u00fchne: Effektive Werbung in der Dartszene f\u00fcr maximale Reichweite.\u00a0\n\nWir f\u00f6rdern neue Produkte, Turniere\u00a0oder Kooperationen in der Darts- und Sammelwelt.\" class=\"n2-ss-slide n2-ow  n2-ss-slide-22\"><div role=\"note\" class=\"n2-ss-slide--focus\" tabindex=\"-1\">Promotions<\/div><div class=\"n2-ss-layers-container n2-ss-slide-limiter n2-ow\"><div class=\"n2-ss-layer n2-ow n-uc-cLV4vtBpYkVE\" data-sstype=\"slide\" data-pm=\"default\"><\/div><\/div><\/div><div data-slide-duration=\"0\" data-id=\"18\" data-slide-public-id=\"5\" aria-hidden=\"true\" data-title=\"Vault Service\" data-description=\"Sichere Lagerung deiner wertvollsten Karten \u2013 kein Risiko, maximale Sicherheit.\u00a0Die beste L\u00f6sung, um deine Cards aufzubewahren.\" class=\"n2-ss-slide n2-ow  n2-ss-slide-18\"><div role=\"note\" class=\"n2-ss-slide--focus\" tabindex=\"-1\">Vault Service<\/div><div class=\"n2-ss-layers-container n2-ss-slide-limiter n2-ow\"><div class=\"n2-ss-layer n2-ow n-uc-RkmDujNOuUiw\" data-sstype=\"slide\" data-pm=\"default\"><\/div><\/div><\/div><div data-slide-duration=\"0\" data-id=\"21\" data-slide-public-id=\"6\" aria-hidden=\"true\" data-title=\"Grading Service\" data-description=\"Mache den n\u00e4chsten Schritt und hebe deine Cards auf das n\u00e4chste Level: f\u00fcr maximalen Wert und Vertrauen in der Community.\u00a0Wir unterst\u00fctzen dich im Gradingprozess namhafter Grading Firmen.\" class=\"n2-ss-slide n2-ow  n2-ss-slide-21\"><div role=\"note\" class=\"n2-ss-slide--focus\" tabindex=\"-1\">Grading Service<\/div><div class=\"n2-ss-layers-container n2-ss-slide-limiter n2-ow\"><div class=\"n2-ss-layer n2-ow n-uc-aWZbphX8BHWW\" data-sstype=\"slide\" data-pm=\"default\"><\/div><\/div><\/div><div data-slide-duration=\"0\" data-id=\"15\" data-slide-public-id=\"7\" aria-hidden=\"true\" data-title=\"Marktplatz\" data-description=\"Kaufe, verkaufe und tausche Dart-Trading-Cards sicher und schnell. Unsere Plattform ist die ideale Anlaufstelle f\u00fcr jeden Sammler.\" class=\"n2-ss-slide n2-ow  n2-ss-slide-15\"><div role=\"note\" class=\"n2-ss-slide--focus\" tabindex=\"-1\">Marktplatz<\/div><div class=\"n2-ss-layers-container n2-ss-slide-limiter n2-ow\"><div class=\"n2-ss-layer n2-ow n-uc-oiCzP8NCYAYl\" data-sstype=\"slide\" data-pm=\"default\"><\/div><\/div><\/div><div data-slide-duration=\"0\" data-id=\"25\" data-slide-public-id=\"8\" aria-hidden=\"true\" data-title=\"Dart Trading Card Price Guide\" data-description=\"Der unverzichtbare Begleiter f\u00fcr jeden Sammler. Behalte den Markt im Blick \u2013 einfach und zuverl\u00e4ssig.\" class=\"n2-ss-slide n2-ow  n2-ss-slide-25\"><div role=\"note\" class=\"n2-ss-slide--focus\" tabindex=\"-1\">Dart Trading Card Price Guide<\/div><div class=\"n2-ss-layers-container n2-ss-slide-limiter n2-ow\"><div class=\"n2-ss-layer n2-ow n-uc-NiWRbYwChVeM\" data-sstype=\"slide\" data-pm=\"default\"><\/div><\/div><\/div>                    <\/div>\n\n                                    <\/div>\n            <\/div>\n        <\/div>\n        <div class=\"n2-ss-slider-controls n2-ss-slider-controls-absolute-left-center\"><div style=\"--widget-offset:15px;\" class=\"n2-ss-widget n2-ss-widget-display-hover n2-style-3b780d200e8515eeb93e755e5bf97381-heading nextend-arrow n2-ow-all nextend-arrow-previous  nextend-arrow-animated-fade\" data-hide-desktopportrait=\"1\" data-hide-tabletportrait=\"1\" data-hide-mobileportrait=\"1\" id=\"n2-ss-3-arrow-previous\" role=\"button\" aria-label=\"previous arrow\" tabindex=\"0\"><img decoding=\"async\" width=\"32\" height=\"32\" class=\"n2-arrow-normal-img skip-lazy\" data-skip-lazy=\"1\" src=\"data:image\/svg+xml;base64,PHN2ZyB4bWxucz0iaHR0cDovL3d3dy53My5vcmcvMjAwMC9zdmciIHdpZHRoPSIzMiIgaGVpZ2h0PSIzMiIgdmlld0JveD0iMCAwIDMyIDMyIj4KICAgIDxwYXRoIGZpbGw9IiNmZmZmZmYiIGZpbGwtcnVsZT0iZXZlbm9kZCIKICAgICAgICAgIGQ9Ik0yMC42NTQgOS40M2wtNi4zMjYgNi41MjUgNi4zMjYgNi42Yy4yNDIuMjUzLjM2LjU0NS4zNi44OCAwIC4zMzMtLjExOC42MjUtLjM2Ljg3N2wtMS4yNDQgMS4zYy0uMjQuMjUtLjUyMy4zNzUtLjg0LjM3NS0uMzIgMC0uNi0uMTI0LS44NC0uMzc2bC04LjM2Ny04LjcyYy0uMjQtLjI1LS4zNjMtLjU0LS4zNjMtLjg4IDAtLjMzNC4xMjItLjYzLjM2My0uODhsOC4zNjctOC43NWMuMjMtLjI1Mi41MS0uMzc3LjgzLS4zNzcuMzI1IDAgLjYwNy4xMjYuODUuMzc4bDEuMjQyIDEuMzI2Yy4yNDIuMjUyLjM2LjU0LjM2Ljg2NCAwIC4zMi0uMTE4LjYxLS4zNi44NnoiCiAgICAgICAgICBvcGFjaXR5PSIwLjUiLz4KPC9zdmc+Cg==\" alt=\"previous arrow\"><img decoding=\"async\" width=\"32\" height=\"32\" class=\"n2-arrow-hover-img skip-lazy\" data-skip-lazy=\"1\" src=\"data:image\/svg+xml;base64,PHN2ZyB4bWxucz0iaHR0cDovL3d3dy53My5vcmcvMjAwMC9zdmciIHdpZHRoPSIzMiIgaGVpZ2h0PSIzMiIgdmlld0JveD0iMCAwIDMyIDMyIj4KICAgIDxwYXRoIGZpbGw9IiMwMDAwMDAiIGZpbGwtcnVsZT0iZXZlbm9kZCIKICAgICAgICAgIGQ9Ik0yMC42NTQgOS40M2wtNi4zMjYgNi41MjUgNi4zMjYgNi42Yy4yNDIuMjUzLjM2LjU0NS4zNi44OCAwIC4zMzMtLjExOC42MjUtLjM2Ljg3N2wtMS4yNDQgMS4zYy0uMjQuMjUtLjUyMy4zNzUtLjg0LjM3NS0uMzIgMC0uNi0uMTI0LS44NC0uMzc2bC04LjM2Ny04LjcyYy0uMjQtLjI1LS4zNjMtLjU0LS4zNjMtLjg4IDAtLjMzNC4xMjItLjYzLjM2My0uODhsOC4zNjctOC43NWMuMjMtLjI1Mi41MS0uMzc3LjgzLS4zNzcuMzI1IDAgLjYwNy4xMjYuODUuMzc4bDEuMjQyIDEuMzI2Yy4yNDIuMjUyLjM2LjU0LjM2Ljg2NCAwIC4zMi0uMTE4LjYxLS4zNi44NnoiCiAgICAgICAgICBvcGFjaXR5PSIwLjgiLz4KPC9zdmc+Cg==\" alt=\"previous arrow\"><\/div><\/div><div class=\"n2-ss-slider-controls n2-ss-slider-controls-absolute-right-center\"><div style=\"--widget-offset:15px;\" class=\"n2-ss-widget n2-ss-widget-display-hover n2-style-3b780d200e8515eeb93e755e5bf97381-heading nextend-arrow n2-ow-all nextend-arrow-next  nextend-arrow-animated-fade\" data-hide-desktopportrait=\"1\" data-hide-tabletportrait=\"1\" data-hide-mobileportrait=\"1\" id=\"n2-ss-3-arrow-next\" role=\"button\" aria-label=\"next arrow\" tabindex=\"0\"><img decoding=\"async\" width=\"32\" height=\"32\" class=\"n2-arrow-normal-img skip-lazy\" data-skip-lazy=\"1\" src=\"data:image\/svg+xml;base64,PHN2ZyB3aWR0aD0iMzIiIGhlaWdodD0iMzIiIHZpZXdCb3g9IjAgMCAzMiAzMiIgeG1sbnM9Imh0dHA6Ly93d3cudzMub3JnLzIwMDAvc3ZnIj4KICAgIDxwYXRoIGQ9Ik0xMy4yODYgMjUuNjFjLS4yNC4yNTMtLjUyLjM3Ny0uODQuMzc3LS4zMTggMC0uNi0uMTI0LS44NC0uMzc2bC0xLjI0NS0xLjI5N2MtLjI0LS4yNTItLjM2LS41NDQtLjM2LS44NzggMC0uMzM0LjEyLS42MjYuMzYtLjg3OGw2LjMyOC02LjZMMTAuMzYgOS40M2MtLjI0LS4yNS0uMzYtLjU0LS4zNi0uODY0IDAtLjMyMy4xMi0uNjEyLjM2LS44NjRsMS4yNDUtMS4zMjVjLjI0LS4yNTIuNTIzLS4zNzcuODQ4LS4zNzcuMzIzIDAgLjYwMi4xMjUuODMzLjM3N2w4LjM2NiA4Ljc0NmMuMjQuMjUuMzYzLjU0Ni4zNjMuODgyIDAgLjM0LS4xMjIuNjM0LS4zNjMuODg2bC04LjM2NiA4LjcyeiIKICAgICAgICAgIGZpbGw9IiNmZmZmZmYiIG9wYWNpdHk9IjAuNSIgZmlsbC1ydWxlPSJldmVub2RkIi8+Cjwvc3ZnPg==\" alt=\"next arrow\"><img loading=\"lazy\" decoding=\"async\" width=\"32\" height=\"32\" class=\"n2-arrow-hover-img skip-lazy\" data-skip-lazy=\"1\" src=\"data:image\/svg+xml;base64,PHN2ZyB3aWR0aD0iMzIiIGhlaWdodD0iMzIiIHZpZXdCb3g9IjAgMCAzMiAzMiIgeG1sbnM9Imh0dHA6Ly93d3cudzMub3JnLzIwMDAvc3ZnIj4KICAgIDxwYXRoIGQ9Ik0xMy4yODYgMjUuNjFjLS4yNC4yNTMtLjUyLjM3Ny0uODQuMzc3LS4zMTggMC0uNi0uMTI0LS44NC0uMzc2bC0xLjI0NS0xLjI5N2MtLjI0LS4yNTItLjM2LS41NDQtLjM2LS44NzggMC0uMzM0LjEyLS42MjYuMzYtLjg3OGw2LjMyOC02LjZMMTAuMzYgOS40M2MtLjI0LS4yNS0uMzYtLjU0LS4zNi0uODY0IDAtLjMyMy4xMi0uNjEyLjM2LS44NjRsMS4yNDUtMS4zMjVjLjI0LS4yNTIuNTIzLS4zNzcuODQ4LS4zNzcuMzIzIDAgLjYwMi4xMjUuODMzLjM3N2w4LjM2NiA4Ljc0NmMuMjQuMjUuMzYzLjU0Ni4zNjMuODgyIDAgLjM0LS4xMjIuNjM0LS4zNjMuODg2bC04LjM2NiA4LjcyeiIKICAgICAgICAgIGZpbGw9IiMwMDAwMDAiIG9wYWNpdHk9IjAuOCIgZmlsbC1ydWxlPSJldmVub2RkIi8+Cjwvc3ZnPg==\" alt=\"next arrow\"><\/div><\/div><div class=\"n2-ss-slider-controls n2-ss-slider-controls-absolute-center-bottom\"><div style=\"--widget-offset:30px;text-align: center;width:100%;\" class=\"n2-ss-widget nextend-bar nextend-bar-horizontal n2-ss-widget-hidden n2-ow-all\"><div class=\"n2-style-3745c27e4cee514fb93ac00b0ec9858c-simple \" style=\"display: inline-block;\"><span class=\"n2-font-86860a54b7064aeda4451b2de9b363f3-simple \">&nbsp;<\/span><\/div><\/div><div style=\"--widget-offset:10px;\" class=\"n2-ss-widget n2-ss-control-bullet n2-ow-all n2-ss-control-bullet-horizontal\"><div class=\" nextend-bullet-bar n2-bar-justify-content-center\" role=\"group\" aria-label=\"Choose slide to display.\"><div class=\"n2-bullet n2-style-785355f374be86c332d4665aae819858-dot \" style=\"visibility:hidden;\"><\/div><\/div><\/div><\/div><\/div><\/div><ss3-loader><\/ss3-loader><\/div><\/div><div class=\"n2_clear\"><\/div><\/div>","protected":false},"excerpt":{"rendered":"<p>Wir sind zwar noch nicht ganz fertig, aber wir legen jetzt schon f\u00fcr dich los!Bald sind dann auch alle Features f\u00fcr dich verf\u00fcgbar! Unsere Website ist gerade frisch online gegangen, und wir freuen uns, dich hier zu begr\u00fc\u00dfen! \ud83c\udfaf Derzeit arbeiten wir mit Hochdruck daran, all unsere Services vollst\u00e4ndig bereitzustellen \u2013 darunter der&nbsp;Marktplatz, ein&nbsp;exklusiver Mitgliederbereich&nbsp;und [&hellip;]<\/p>\n","protected":false},"author":1,"featured_media":1098,"parent":0,"menu_order":0,"comment_status":"closed","ping_status":"closed","template":"","meta":{"_surecart_dashboard_logo_width":"180px","_surecart_dashboard_show_logo":true,"_surecart_dashboard_navigation_orders":true,"_surecart_dashboard_navigation_invoices":true,"_surecart_dashboard_navigation_subscriptions":true,"_surecart_dashboard_navigation_downloads":true,"_surecart_dashboard_navigation_billing":true,"_surecart_dashboard_navigation_account":true,"_uag_custom_page_level_css":"","site-sidebar-layout":"default","site-content-layout":"","ast-site-content-layout":"default","site-content-style":"default","site-sidebar-style":"default","ast-global-header-display":"","ast-banner-title-visibility":"","ast-main-header-display":"","ast-hfb-above-header-display":"","ast-hfb-below-header-display":"","ast-hfb-mobile-header-display":"","site-post-title":"","ast-breadcrumbs-content":"","ast-featured-img":"","footer-sml-layout":"","ast-disable-related-posts":"","theme-transparent-header-meta":"","adv-header-id-meta":"","stick-header-meta":"","header-above-stick-meta":"","header-main-stick-meta":"","header-below-stick-meta":"","astra-migrate-meta-layouts":"set","ast-page-background-enabled":"default","ast-page-background-meta":{"desktop":{"background-color":"","background-image":"","background-repeat":"repeat","background-position":"center center","background-size":"auto","background-attachment":"scroll","background-type":"","background-media":"","overlay-type":"","overlay-color":"","overlay-opacity":"","overlay-gradient":""},"tablet":{"background-color":"","background-image":"","background-repeat":"repeat","background-position":"center center","background-size":"auto","background-attachment":"scroll","background-type":"","background-media":"","overlay-type":"","overlay-color":"","overlay-opacity":"","overlay-gradient":""},"mobile":{"background-color":"","background-image":"","background-repeat":"repeat","background-position":"center center","background-size":"auto","background-attachment":"scroll","background-type":"","background-media":"","overlay-type":"","overlay-color":"","overlay-opacity":"","overlay-gradient":""}},"ast-content-background-meta":{"desktop":{"background-color":"var(--ast-global-color-5)","background-image":"","background-repeat":"repeat","background-position":"center center","background-size":"auto","background-attachment":"scroll","background-type":"","background-media":"","overlay-type":"","overlay-color":"","overlay-opacity":"","overlay-gradient":""},"tablet":{"background-color":"var(--ast-global-color-5)","background-image":"","background-repeat":"repeat","background-position":"center center","background-size":"auto","background-attachment":"scroll","background-type":"","background-media":"","overlay-type":"","overlay-color":"","overlay-opacity":"","overlay-gradient":""},"mobile":{"background-color":"var(--ast-global-color-5)","background-image":"","background-repeat":"repeat","background-position":"center center","background-size":"auto","background-attachment":"scroll","background-type":"","background-media":"","overlay-type":"","overlay-color":"","overlay-opacity":"","overlay-gradient":""}},"footnotes":""},"class_list":["post-1117","page","type-page","status-publish","has-post-thumbnail","hentry"],"uagb_featured_image_src":{"full":["https:\/\/cardoche.de\/wp-content\/uploads\/2025\/01\/card.oche_qr-1.png",2350,2700,false],"thumbnail":["https:\/\/cardoche.de\/wp-content\/uploads\/2025\/01\/card.oche_qr-1-150x150.png",150,150,true],"medium":["https:\/\/cardoche.de\/wp-content\/uploads\/2025\/01\/card.oche_qr-1-261x300.png",261,300,true],"medium_large":["https:\/\/cardoche.de\/wp-content\/uploads\/2025\/01\/card.oche_qr-1-768x882.png",768,882,true],"large":["https:\/\/cardoche.de\/wp-content\/uploads\/2025\/01\/card.oche_qr-1-891x1024.png",891,1024,true],"1536x1536":["https:\/\/cardoche.de\/wp-content\/uploads\/2025\/01\/card.oche_qr-1-1337x1536.png",1337,1536,true],"2048x2048":["https:\/\/cardoche.de\/wp-content\/uploads\/2025\/01\/card.oche_qr-1-1783x2048.png",1783,2048,true]},"uagb_author_info":{"display_name":"admin","author_link":"https:\/\/cardoche.de\/Startseite\/author\/admin\/"},"uagb_comment_info":0,"uagb_excerpt":"Wir sind zwar noch nicht ganz fertig, aber wir legen jetzt schon f\u00fcr dich los!Bald sind dann auch alle Features f\u00fcr dich verf\u00fcgbar! Unsere Website ist gerade frisch online gegangen, und wir freuen uns, dich hier zu begr\u00fc\u00dfen! \ud83c\udfaf Derzeit arbeiten wir mit Hochdruck daran, all unsere Services vollst\u00e4ndig bereitzustellen \u2013 darunter der&nbsp;Marktplatz, ein&nbsp;exklusiver Mitgliederbereich&nbsp;und&hellip;","_links":{"self":[{"href":"https:\/\/cardoche.de\/Startseite\/wp-json\/wp\/v2\/pages\/1117","targetHints":{"allow":["GET"]}}],"collection":[{"href":"https:\/\/cardoche.de\/Startseite\/wp-json\/wp\/v2\/pages"}],"about":[{"href":"https:\/\/cardoche.de\/Startseite\/wp-json\/wp\/v2\/types\/page"}],"author":[{"embeddable":true,"href":"https:\/\/cardoche.de\/Startseite\/wp-json\/wp\/v2\/users\/1"}],"replies":[{"embeddable":true,"href":"https:\/\/cardoche.de\/Startseite\/wp-json\/wp\/v2\/comments?post=1117"}],"version-history":[{"count":4,"href":"https:\/\/cardoche.de\/Startseite\/wp-json\/wp\/v2\/pages\/1117\/revisions"}],"predecessor-version":[{"id":1120,"href":"https:\/\/cardoche.de\/Startseite\/wp-json\/wp\/v2\/pages\/1117\/revisions\/1120"}],"wp:featuredmedia":[{"embeddable":true,"href":"https:\/\/cardoche.de\/Startseite\/wp-json\/wp\/v2\/media\/1098"}],"wp:attachment":[{"href":"https:\/\/cardoche.de\/Startseite\/wp-json\/wp\/v2\/media?parent=1117"}],"curies":[{"name":"wp","href":"https:\/\/api.w.org\/{rel}","templated":true}]}}