{"id":1108,"date":"2025-01-19T23:01:56","date_gmt":"2025-01-19T23:01:56","guid":{"rendered":"https:\/\/cardoche.de\/Startseite\/?page_id=1108"},"modified":"2025-01-19T23:07:18","modified_gmt":"2025-01-19T23:07:18","slug":"startseite-2","status":"publish","type":"page","link":"https:\/\/cardoche.de\/Startseite\/startseite-2\/","title":{"rendered":"Startseite"},"content":{"rendered":"\t\t<div data-elementor-type=\"wp-page\" data-elementor-id=\"1108\" class=\"elementor elementor-1108\">\n\t\t\t\t<div class=\"elementor-element elementor-element-74f61211 e-flex e-con-boxed e-con e-parent\" data-id=\"74f61211\" data-element_type=\"container\" data-e-type=\"container\">\n\t\t\t\t\t<div class=\"e-con-inner\">\n\t\t\t\t<div class=\"elementor-element elementor-element-4ace57b6 elementor-widget elementor-widget-text-editor\" data-id=\"4ace57b6\" data-element_type=\"widget\" data-e-type=\"widget\" data-widget_type=\"text-editor.default\">\n\t\t\t\t<div class=\"elementor-widget-container\">\n\t\t\t\t\t\t\t\t\t\n<h2 class=\"wp-block-heading has-ast-global-color-4-color has-text-color has-link-color wp-elements-4ea635fda6435cce4225991b0163ff1d\">Cardoche<\/h2>\n\n\n\n<p>Willkommen bei <strong>Cardoche<\/strong> \u2013 dem Zentrum f\u00fcr Dartfans und Sammler von Trading Cards!<\/p>\n\n\n\n<div class=\"wp-block-columns is-layout-flex wp-container-core-columns-is-layout-2 wp-block-columns-is-layout-flex\">\n<div class=\"wp-block-column is-layout-flow wp-block-column-is-layout-flow\" style=\"flex-basis:100%\">\n<div class=\"wp-block-uagb-image uagb-block-e170b834 wp-block-uagb-image--layout-default wp-block-uagb-image--effect-static wp-block-uagb-image--align-none\"><figure class=\"wp-block-uagb-image__figure\"><img loading=\"lazy\" decoding=\"async\" srcset=\"https:\/\/cardoche.de\/wp-content\/uploads\/2025\/01\/Design-ohne-Titel-1024x579.jpg ,https:\/\/cardoche.de\/wp-content\/uploads\/2025\/01\/Design-ohne-Titel.jpg 780w, https:\/\/cardoche.de\/wp-content\/uploads\/2025\/01\/Design-ohne-Titel.jpg 360w\" sizes=\"auto, (max-width: 480px) 150px\" src=\"https:\/\/cardoche.de\/wp-content\/uploads\/2025\/01\/Design-ohne-Titel-1024x579.jpg\" alt=\"\" class=\"uag-image-984\" width=\"750\" height=\"424\" title=\"Design ohne Titel\" loading=\"lazy\" role=\"img\"\/><\/figure><\/div>\n<\/div>\n<\/div>\n\n\n\n<h3 class=\"wp-block-heading has-ast-global-color-4-color has-text-color has-link-color wp-elements-9a1e1440ec0631c6da704362a07ce563\">Unsere Mission: Leidenschaft f\u00fcr den Dartsport und Sammeln vereinen<\/h3>\n\n\n\n<p>Bei Cardoche steht alles im Zeichen des Dartsports und der Sammelkultur. Wir sind davon \u00fcberzeugt, dass Darts nicht nur ein Sport ist, sondern eine lebendige Community, die durch ihre Dynamik, Leidenschaft und spannende Events begeistert. Gleichzeitig liegt unsere besondere Expertise in der faszinierenden Welt der Trading Cards \u2013 und hier treffen zwei Welten aufeinander.<\/p>\n\n\n\n<p>Unsere Mission ist es, die Begeisterung f\u00fcr Darts mit der Sammlerleidenschaft zu verbinden, um Fans und Enthusiasten eine Plattform zu bieten, auf der sie alles finden, was ihr Herz h\u00f6herschlagen l\u00e4sst.<\/p>\n\n\n\n<hr class=\"wp-block-separator has-text-color has-ast-global-color-5-color has-alpha-channel-opacity has-ast-global-color-5-background-color has-background is-style-wide\"\/>\n\n\n\n<div style=\"height:11px\" aria-hidden=\"true\" class=\"wp-block-spacer\"><\/div>\n\n\n\n<h3 class=\"wp-block-heading has-ast-global-color-4-color has-text-color has-link-color wp-elements-1bf0e3faf1332f1f27677ccbf26cd4c2\">Das Herzst\u00fcck: Der #1 Dart Trading Card Price Guide<\/h3>\n\n\n\n<p>Wir sind stolz darauf, der Herausgeber des f\u00fchrenden <strong>Dart Trading Card Price Guides<\/strong> zu sein \u2013 die unverzichtbare Ressource f\u00fcr Sammler, die den Markt im Blick behalten wollen. Unser Guide basiert auf \u00fcber <strong>30 Jahren Erfahrung<\/strong> in der Sammel- und Hobbywelt. Mit unserem Preisf\u00fchrer bieten wir detaillierte Einblicke in Trends, Werte und Neuerscheinungen auf dem Markt, damit unsere Community immer bestens informiert ist.<\/p>\n\n\n\n<p>Unsere Leidenschaft f\u00fcr Trading Cards und der Wunsch, die Dart-Community aktiv zu unterst\u00fctzen, treiben uns t\u00e4glich an, den Guide stets aktuell und pr\u00e4zise zu halten.<\/p>\n\n\n\n<hr class=\"wp-block-separator has-text-color has-ast-global-color-5-color has-alpha-channel-opacity has-ast-global-color-5-background-color has-background is-style-wide\"\/>\n\n\n\n<h3 class=\"wp-block-heading has-ast-global-color-4-color has-text-color has-link-color wp-elements-ac36b1b33d5e407d3c617287e01e862f\">Unsere Expertise: \u00dcber 30 Jahre Leidenschaft und Wissen<\/h3>\n\n\n\n<p>Cardoche wurde von einem Team gegr\u00fcndet, das \u00fcber <strong>drei Jahrzehnte Erfahrung<\/strong> in der Sammelkultur und im Dartsport vereint. Ob es um die erste Trading Card-Kollektion, die hei\u00dfesten Neuerscheinungen oder die besten Dart-Events geht \u2013 wir kennen die Szene wie unsere Westentasche.<\/p>\n\n\n\n<p>Wir sind nicht nur Experten, sondern auch Fans. Darts ist f\u00fcr uns mehr als ein Spiel: Es ist ein Lebensgef\u00fchl. Diese Begeisterung m\u00f6chten wir mit allen teilen, die wie wir von Pfeilen, Boards und der Community fasziniert sind.<\/p>\n\n\n\n<hr class=\"wp-block-separator has-text-color has-ast-global-color-5-color has-alpha-channel-opacity has-ast-global-color-5-background-color has-background is-style-wide\"\/>\n\n\n\n<div class=\"wp-block-uagb-advanced-heading uagb-block-cfec8557\"><h2 class=\"uagb-heading-text\">Was wir bieten<\/h2><\/div>\n\n\n\n<ol class=\"wp-block-list\">\n<li class=\"has-ast-global-color-3-color has-text-color has-link-color wp-elements-71cfe7a5d0d0b1b85a14e36c101cb658\"><strong>News &amp; Insights:<\/strong><br>Bleib auf dem Laufenden mit den neuesten Nachrichten aus der Welt des Dartsports und der Sammelkarten. Wir liefern fundierte Berichterstattung, Trends und exklusive Einblicke.<\/li>\n\n\n\n<li><strong>Event-Highlights:<\/strong><br>Ob lokale Turniere oder internationale Meisterschaften \u2013 wir informieren dich \u00fcber die spannendsten Darts-Events weltweit und bringen dir die Highlights direkt auf den Bildschirm.<\/li>\n\n\n\n<li><strong>Trading Card Expertise:<\/strong><br>Mit unserem Price Guide und unserer Community helfen wir Sammlern, ihre Kollektionen optimal zu bewerten und zu erweitern.<\/li>\n\n\n\n<li><strong>Community:<\/strong><br>Cardoche steht f\u00fcr eine starke Verbindung zu unserer Community. Ob Anf\u00e4nger, ambitionierter Sammler oder eingefleischter Dartfan \u2013 bei uns findest du Gleichgesinnte.<\/li>\n<\/ol>\n\n\n\n<hr class=\"wp-block-separator has-text-color has-ast-global-color-5-color has-alpha-channel-opacity has-ast-global-color-5-background-color has-background is-style-wide\"\/>\n\n\n\n<h3 class=\"wp-block-heading has-ast-global-color-4-color has-text-color has-link-color wp-elements-82dc0cada687a5410806b452eb5fef37\">Unsere Vision: Darts und Sammelleidenschaft weltweit verbinden<\/h3>\n\n\n\n<p>Wir glauben, dass Darts und Trading Cards Menschen zusammenbringen k\u00f6nnen. Unsere Vision ist es, eine Plattform zu schaffen, die Dartfans und Sammlern aus der ganzen Welt eine Heimat bietet. Hier treffen sportliche H\u00f6chstleistungen auf Sammelleidenschaft \u2013 und das in einer Umgebung, die inspiriert und verbindet.<\/p>\n\n\n\n<hr class=\"wp-block-separator has-text-color has-ast-global-color-5-color has-alpha-channel-opacity has-ast-global-color-5-background-color has-background is-style-wide\"\/>\n\n\n\n<h3 class=\"wp-block-heading has-ast-global-color-4-color has-text-color has-link-color wp-elements-838a723597ad30601f5fa70319b3bff8\">Lasst uns die Reise gemeinsam angehen!<\/h3>\n\n\n\n<p>Egal, ob du ein erfahrener Sammler bist, gerade erst mit dem Dartsport beginnst oder einfach mehr \u00fcber diese spannende Welt erfahren m\u00f6chtest \u2013 Cardoche ist f\u00fcr dich da. Gemeinsam machen wir Darts und Trading Cards zu einer noch gr\u00f6\u00dferen Leidenschaft.<\/p>\n\n\n\n<p>Wir freuen uns, dass du hier bist! <strong>Willkommen bei Cardoche.<\/strong> \ud83c\udfaf<\/p>\n\n\n\n<p><\/p>\n\n\n\n<div class=\"wp-block-uagb-container uagb-block-8bc115b8 alignfull uagb-is-root-container\"><div class=\"uagb-container-inner-blocks-wrap\"><\/div><\/div>\n\n\n\n<div class=\"wp-block-group is-layout-constrained wp-block-group-is-layout-constrained\">\n<p><\/p>\n<\/div>\n\t\t\t\t\t\t\t\t<\/div>\n\t\t\t\t<\/div>\n\t\t\t\t\t<\/div>\n\t\t\t\t<\/div>\n\t\t\t\t<\/div>\n\t\t","protected":false},"excerpt":{"rendered":"<p>Cardoche Wir stehen schon in den Startl\u00f6chern!Wir sind zwar noch nicht ganz fertig, aber wir legen jetzt schon f\u00fcr dich los!Bald sind dann auch alle Features f\u00fcr dich verf\u00fcgbar! Unsere Website ist gerade frisch online gegangen, und wir freuen uns, dich hier zu begr\u00fc\u00dfen! \ud83c\udfaf Derzeit arbeiten wir mit Hochdruck daran, all unsere Services vollst\u00e4ndig [&hellip;]<\/p>\n","protected":false},"author":1,"featured_media":0,"parent":0,"menu_order":0,"comment_status":"closed","ping_status":"closed","template":"","meta":{"_surecart_dashboard_logo_width":"180px","_surecart_dashboard_show_logo":true,"_surecart_dashboard_navigation_orders":true,"_surecart_dashboard_navigation_invoices":true,"_surecart_dashboard_navigation_subscriptions":true,"_surecart_dashboard_navigation_downloads":true,"_surecart_dashboard_navigation_billing":true,"_surecart_dashboard_navigation_account":true,"_uag_custom_page_level_css":"","site-sidebar-layout":"default","site-content-layout":"","ast-site-content-layout":"default","site-content-style":"default","site-sidebar-style":"default","ast-global-header-display":"","ast-banner-title-visibility":"","ast-main-header-display":"","ast-hfb-above-header-display":"","ast-hfb-below-header-display":"","ast-hfb-mobile-header-display":"","site-post-title":"disabled","ast-breadcrumbs-content":"","ast-featured-img":"","footer-sml-layout":"","ast-disable-related-posts":"","theme-transparent-header-meta":"","adv-header-id-meta":"","stick-header-meta":"","header-above-stick-meta":"","header-main-stick-meta":"","header-below-stick-meta":"","astra-migrate-meta-layouts":"set","ast-page-background-enabled":"default","ast-page-background-meta":{"desktop":{"background-color":"","background-image":"","background-repeat":"repeat","background-position":"center center","background-size":"auto","background-attachment":"scroll","background-type":"","background-media":"","overlay-type":"","overlay-color":"","overlay-opacity":"","overlay-gradient":""},"tablet":{"background-color":"","background-image":"","background-repeat":"repeat","background-position":"center center","background-size":"auto","background-attachment":"scroll","background-type":"","background-media":"","overlay-type":"","overlay-color":"","overlay-opacity":"","overlay-gradient":""},"mobile":{"background-color":"","background-image":"","background-repeat":"repeat","background-position":"center center","background-size":"auto","background-attachment":"scroll","background-type":"","background-media":"","overlay-type":"","overlay-color":"","overlay-opacity":"","overlay-gradient":""}},"ast-content-background-meta":{"desktop":{"background-color":"var(--ast-global-color-5)","background-image":"","background-repeat":"repeat","background-position":"center center","background-size":"auto","background-attachment":"scroll","background-type":"","background-media":"","overlay-type":"","overlay-color":"","overlay-opacity":"","overlay-gradient":""},"tablet":{"background-color":"var(--ast-global-color-5)","background-image":"","background-repeat":"repeat","background-position":"center center","background-size":"auto","background-attachment":"scroll","background-type":"","background-media":"","overlay-type":"","overlay-color":"","overlay-opacity":"","overlay-gradient":""},"mobile":{"background-color":"var(--ast-global-color-5)","background-image":"","background-repeat":"repeat","background-position":"center center","background-size":"auto","background-attachment":"scroll","background-type":"","background-media":"","overlay-type":"","overlay-color":"","overlay-opacity":"","overlay-gradient":""}},"footnotes":""},"class_list":["post-1108","page","type-page","status-publish","hentry"],"uagb_featured_image_src":{"full":false,"thumbnail":false,"medium":false,"medium_large":false,"large":false,"1536x1536":false,"2048x2048":false},"uagb_author_info":{"display_name":"admin","author_link":"https:\/\/cardoche.de\/Startseite\/author\/admin\/"},"uagb_comment_info":0,"uagb_excerpt":"Cardoche Wir stehen schon in den Startl\u00f6chern!Wir sind zwar noch nicht ganz fertig, aber wir legen jetzt schon f\u00fcr dich los!Bald sind dann auch alle Features f\u00fcr dich verf\u00fcgbar! Unsere Website ist gerade frisch online gegangen, und wir freuen uns, dich hier zu begr\u00fc\u00dfen! \ud83c\udfaf Derzeit arbeiten wir mit Hochdruck daran, all unsere Services vollst\u00e4ndig&hellip;","_links":{"self":[{"href":"https:\/\/cardoche.de\/Startseite\/wp-json\/wp\/v2\/pages\/1108","targetHints":{"allow":["GET"]}}],"collection":[{"href":"https:\/\/cardoche.de\/Startseite\/wp-json\/wp\/v2\/pages"}],"about":[{"href":"https:\/\/cardoche.de\/Startseite\/wp-json\/wp\/v2\/types\/page"}],"author":[{"embeddable":true,"href":"https:\/\/cardoche.de\/Startseite\/wp-json\/wp\/v2\/users\/1"}],"replies":[{"embeddable":true,"href":"https:\/\/cardoche.de\/Startseite\/wp-json\/wp\/v2\/comments?post=1108"}],"version-history":[{"count":2,"href":"https:\/\/cardoche.de\/Startseite\/wp-json\/wp\/v2\/pages\/1108\/revisions"}],"predecessor-version":[{"id":1112,"href":"https:\/\/cardoche.de\/Startseite\/wp-json\/wp\/v2\/pages\/1108\/revisions\/1112"}],"wp:attachment":[{"href":"https:\/\/cardoche.de\/Startseite\/wp-json\/wp\/v2\/media?parent=1108"}],"curies":[{"name":"wp","href":"https:\/\/api.w.org\/{rel}","templated":true}]}}