{"id":1020,"date":"2025-01-19T23:17:29","date_gmt":"2025-01-19T23:17:29","guid":{"rendered":"https:\/\/cardoche.de\/?page_id=1020"},"modified":"2025-02-09T00:02:54","modified_gmt":"2025-02-09T00:02:54","slug":"__trashed","status":"publish","type":"page","link":"https:\/\/cardoche.de\/Startseite\/__trashed\/","title":{"rendered":"Services"},"content":{"rendered":"\t\t<div data-elementor-type=\"wp-page\" data-elementor-id=\"1020\" class=\"elementor elementor-1020\">\n\t\t\t\t<div class=\"elementor-element elementor-element-5f5660a8 e-con-full e-flex e-con e-parent\" data-id=\"5f5660a8\" data-element_type=\"container\" data-e-type=\"container\">\n\t\t\t\t<div class=\"elementor-element elementor-element-48ae0faa elementor-widget elementor-widget-text-editor\" data-id=\"48ae0faa\" data-element_type=\"widget\" data-e-type=\"widget\" data-widget_type=\"text-editor.default\">\n\t\t\t\t<div class=\"elementor-widget-container\">\n\t\t\t\t\t\t\t\t\t<div>\n<h2>Unsere Services \u2013 F\u00fcr Dartfans und Sammler gemacht.<\/h2>\n<\/div>\n<p><!-- \/wp:paragraph --><\/p>\t\t\t\t\t\t\t\t<\/div>\n\t\t\t\t<\/div>\n\t\t\t\t<\/div>\n\t\t<div class=\"elementor-element elementor-element-3e12455 e-flex e-con-boxed e-con e-parent\" data-id=\"3e12455\" data-element_type=\"container\" data-e-type=\"container\">\n\t\t\t\t\t<div class=\"e-con-inner\">\n\t\t\t\t<div class=\"elementor-element elementor-element-8619869 elementor-widget elementor-widget-text-editor\" data-id=\"8619869\" data-element_type=\"widget\" data-e-type=\"widget\" data-widget_type=\"text-editor.default\">\n\t\t\t\t<div class=\"elementor-widget-container\">\n\t\t\t\t\t\t\t\t\t<p>Unsere Services sind genau auf deine Bed\u00fcrfnisse als Dartfan und Sammler zugeschnitten. Egal, ob du den Wert deiner Karten ermitteln, deine Sammlung sicher verwahren oder neue M\u00f6glichkeiten in der Dart-Community entdecken m\u00f6chtest \u2013 wir bieten dir die Tools, um das Beste aus deinem Hobby herauszuholen. Mit \u00fcber 30 Jahren Erfahrung und einer tiefen Leidenschaft f\u00fcr Darts und Trading Cards stehen wir f\u00fcr Qualit\u00e4t, Innovation und eine starke Verbindung zu unserer Community. Unsere Services sind nicht nur praktisch \u2013 sie er\u00f6ffnen dir v\u00f6llig neue Perspektiven.\u00a0<span style=\"font-weight: bold;\">Tauche ein und entdecke, was Cardoche f\u00fcr dich bereith\u00e4lt!<\/span><\/p>\t\t\t\t\t\t\t\t<\/div>\n\t\t\t\t<\/div>\n\t\t\t\t\t<\/div>\n\t\t\t\t<\/div>\n\t\t<div class=\"elementor-element elementor-element-05601d1 e-flex e-con-boxed e-con e-parent\" data-id=\"05601d1\" data-element_type=\"container\" data-e-type=\"container\">\n\t\t\t\t\t<div class=\"e-con-inner\">\n\t\t\t\t\t<\/div>\n\t\t\t\t<\/div>\n\t\t<div class=\"elementor-element elementor-element-4f67e90 e-flex e-con-boxed e-con e-parent\" data-id=\"4f67e90\" data-element_type=\"container\" data-e-type=\"container\">\n\t\t\t\t\t<div class=\"e-con-inner\">\n\t\t\t\t<div class=\"elementor-element elementor-element-dc99927 elementor-arrows-position-inside elementor-pagination-position-outside elementor-widget elementor-widget-image-carousel\" data-id=\"dc99927\" data-element_type=\"widget\" data-e-type=\"widget\" data-settings=\"{&quot;slides_to_show&quot;:&quot;2&quot;,&quot;slides_to_scroll&quot;:&quot;1&quot;,&quot;navigation&quot;:&quot;both&quot;,&quot;autoplay&quot;:&quot;yes&quot;,&quot;pause_on_hover&quot;:&quot;yes&quot;,&quot;pause_on_interaction&quot;:&quot;yes&quot;,&quot;autoplay_speed&quot;:5000,&quot;infinite&quot;:&quot;yes&quot;,&quot;speed&quot;:500}\" data-widget_type=\"image-carousel.default\">\n\t\t\t\t<div class=\"elementor-widget-container\">\n\t\t\t\t\t\t\t<div class=\"elementor-image-carousel-wrapper swiper\" role=\"region\" aria-roledescription=\"carousel\" aria-label=\"Bild Karussell\" dir=\"ltr\">\n\t\t\t<div class=\"elementor-image-carousel swiper-wrapper\" aria-live=\"off\">\n\t\t\t\t\t\t\t\t<div class=\"swiper-slide\" role=\"group\" aria-roledescription=\"slide\" aria-label=\"1 von 6\"><figure class=\"swiper-slide-inner\"><img decoding=\"async\" class=\"swiper-slide-image\" src=\"https:\/\/cardoche.de\/wp-content\/uploads\/elementor\/thumbs\/Price-Guide-qzx3ffto84159cpr9ehp9x3tvfwefnrwobt58ndtz4.jpg\" alt=\"Price Guide - Der unverzichtbare Begleiter f\u00fcr jeden Sammler. Behalte den Markt im Blick \u2013 einfach und zuverl\u00e4ssig\" \/><\/figure><\/div><div class=\"swiper-slide\" role=\"group\" aria-roledescription=\"slide\" aria-label=\"2 von 6\"><figure class=\"swiper-slide-inner\"><img decoding=\"async\" class=\"swiper-slide-image\" src=\"https:\/\/cardoche.de\/wp-content\/uploads\/elementor\/thumbs\/Megafon-1-qzx3ou7kkgwdcz28dgre7jprq5kjep39yuny09g3r4.jpg\" alt=\"Promotions\" \/><\/figure><\/div><div class=\"swiper-slide\" role=\"group\" aria-roledescription=\"slide\" aria-label=\"3 von 6\"><figure class=\"swiper-slide-inner\"><img decoding=\"async\" class=\"swiper-slide-image\" src=\"https:\/\/cardoche.de\/wp-content\/uploads\/elementor\/thumbs\/Haendedruck-qzx3zr43x7u85z7in6lg5skg17rys6f2svcwlx9ji8.jpg\" alt=\"Collaborationen\" \/><\/figure><\/div><div class=\"swiper-slide\" role=\"group\" aria-roledescription=\"slide\" aria-label=\"4 von 6\"><figure class=\"swiper-slide-inner\"><img decoding=\"async\" class=\"swiper-slide-image\" src=\"https:\/\/cardoche.de\/wp-content\/uploads\/elementor\/thumbs\/Marktplatz-qzx49kjfaxa1fcy5bfd67bdre3dz6de5hgnh1ypiio.jpg\" alt=\"Marktplatz\" \/><\/figure><\/div><div class=\"swiper-slide\" role=\"group\" aria-roledescription=\"slide\" aria-label=\"5 von 6\"><figure class=\"swiper-slide-inner\"><img decoding=\"async\" class=\"swiper-slide-image\" src=\"https:\/\/cardoche.de\/wp-content\/uploads\/elementor\/thumbs\/Design-ohne-Titel-1-qzx4hej098026dkjkt98zc81los3bkhmk8d50z3eo0.jpg\" alt=\"Vault Service\" \/><\/figure><\/div><div class=\"swiper-slide\" role=\"group\" aria-roledescription=\"slide\" aria-label=\"6 von 6\"><figure class=\"swiper-slide-inner\"><img decoding=\"async\" class=\"swiper-slide-image\" src=\"https:\/\/cardoche.de\/wp-content\/uploads\/elementor\/thumbs\/Design-ohne-Titel-2-qzx4vlv7j3g1m8xsmyaanr6srarrmwvluj9a3i18n4.jpg\" alt=\"Grading Service\" \/><\/figure><\/div>\t\t\t<\/div>\n\t\t\t\t\t\t\t\t\t\t\t\t<div class=\"elementor-swiper-button elementor-swiper-button-prev\" role=\"button\" tabindex=\"0\">\n\t\t\t\t\t\t<svg aria-hidden=\"true\" class=\"e-font-icon-svg e-eicon-chevron-left\" viewBox=\"0 0 1000 1000\" xmlns=\"http:\/\/www.w3.org\/2000\/svg\"><path d=\"M646 125C629 125 613 133 604 142L308 442C296 454 292 471 292 487 292 504 296 521 308 533L604 854C617 867 629 875 646 875 663 875 679 871 692 858 704 846 713 829 713 812 713 796 708 779 692 767L438 487 692 225C700 217 708 204 708 187 708 171 704 154 692 142 675 129 663 125 646 125Z\"><\/path><\/svg>\t\t\t\t\t<\/div>\n\t\t\t\t\t<div class=\"elementor-swiper-button elementor-swiper-button-next\" role=\"button\" tabindex=\"0\">\n\t\t\t\t\t\t<svg aria-hidden=\"true\" class=\"e-font-icon-svg e-eicon-chevron-right\" viewBox=\"0 0 1000 1000\" xmlns=\"http:\/\/www.w3.org\/2000\/svg\"><path d=\"M696 533C708 521 713 504 713 487 713 471 708 454 696 446L400 146C388 133 375 125 354 125 338 125 325 129 313 142 300 154 292 171 292 187 292 204 296 221 308 233L563 492 304 771C292 783 288 800 288 817 288 833 296 850 308 863 321 871 338 875 354 875 371 875 388 867 400 854L696 533Z\"><\/path><\/svg>\t\t\t\t\t<\/div>\n\t\t\t\t\n\t\t\t\t\t\t\t\t\t<div class=\"swiper-pagination\"><\/div>\n\t\t\t\t\t\t\t\t\t<\/div>\n\t\t\t\t\t\t<\/div>\n\t\t\t\t<\/div>\n\t\t\t\t\t<\/div>\n\t\t\t\t<\/div>\n\t\t\t\t<\/div>\n\t\t","protected":false},"excerpt":{"rendered":"<p>Unsere Services \u2013 F\u00fcr Dartfans und Sammler gemacht. Unsere Services sind genau auf deine Bed\u00fcrfnisse als Dartfan und Sammler zugeschnitten. Egal, ob du den Wert deiner Karten ermitteln, deine Sammlung sicher verwahren oder neue M\u00f6glichkeiten in der Dart-Community entdecken m\u00f6chtest \u2013 wir bieten dir die Tools, um das Beste aus deinem Hobby herauszuholen. Mit \u00fcber [&hellip;]<\/p>\n","protected":false},"author":1,"featured_media":0,"parent":0,"menu_order":0,"comment_status":"closed","ping_status":"closed","template":"","meta":{"_surecart_dashboard_logo_width":"180px","_surecart_dashboard_show_logo":true,"_surecart_dashboard_navigation_orders":true,"_surecart_dashboard_navigation_invoices":true,"_surecart_dashboard_navigation_subscriptions":true,"_surecart_dashboard_navigation_downloads":true,"_surecart_dashboard_navigation_billing":true,"_surecart_dashboard_navigation_account":true,"_uag_custom_page_level_css":"","site-sidebar-layout":"default","site-content-layout":"","ast-site-content-layout":"default","site-content-style":"default","site-sidebar-style":"default","ast-global-header-display":"","ast-banner-title-visibility":"","ast-main-header-display":"","ast-hfb-above-header-display":"","ast-hfb-below-header-display":"","ast-hfb-mobile-header-display":"","site-post-title":"disabled","ast-breadcrumbs-content":"","ast-featured-img":"","footer-sml-layout":"","ast-disable-related-posts":"","theme-transparent-header-meta":"","adv-header-id-meta":"","stick-header-meta":"","header-above-stick-meta":"","header-main-stick-meta":"","header-below-stick-meta":"","astra-migrate-meta-layouts":"set","ast-page-background-enabled":"default","ast-page-background-meta":{"desktop":{"background-color":"","background-image":"","background-repeat":"repeat","background-position":"center center","background-size":"auto","background-attachment":"scroll","background-type":"","background-media":"","overlay-type":"","overlay-color":"","overlay-opacity":"","overlay-gradient":""},"tablet":{"background-color":"","background-image":"","background-repeat":"repeat","background-position":"center center","background-size":"auto","background-attachment":"scroll","background-type":"","background-media":"","overlay-type":"","overlay-color":"","overlay-opacity":"","overlay-gradient":""},"mobile":{"background-color":"","background-image":"","background-repeat":"repeat","background-position":"center center","background-size":"auto","background-attachment":"scroll","background-type":"","background-media":"","overlay-type":"","overlay-color":"","overlay-opacity":"","overlay-gradient":""}},"ast-content-background-meta":{"desktop":{"background-color":"var(--ast-global-color-5)","background-image":"","background-repeat":"repeat","background-position":"center center","background-size":"auto","background-attachment":"scroll","background-type":"","background-media":"","overlay-type":"","overlay-color":"","overlay-opacity":"","overlay-gradient":""},"tablet":{"background-color":"var(--ast-global-color-5)","background-image":"","background-repeat":"repeat","background-position":"center center","background-size":"auto","background-attachment":"scroll","background-type":"","background-media":"","overlay-type":"","overlay-color":"","overlay-opacity":"","overlay-gradient":""},"mobile":{"background-color":"var(--ast-global-color-5)","background-image":"","background-repeat":"repeat","background-position":"center center","background-size":"auto","background-attachment":"scroll","background-type":"","background-media":"","overlay-type":"","overlay-color":"","overlay-opacity":"","overlay-gradient":""}},"footnotes":""},"class_list":["post-1020","page","type-page","status-publish","hentry"],"uagb_featured_image_src":{"full":false,"thumbnail":false,"medium":false,"medium_large":false,"large":false,"1536x1536":false,"2048x2048":false},"uagb_author_info":{"display_name":"admin","author_link":"https:\/\/cardoche.de\/Startseite\/author\/admin\/"},"uagb_comment_info":0,"uagb_excerpt":"Unsere Services \u2013 F\u00fcr Dartfans und Sammler gemacht. Unsere Services sind genau auf deine Bed\u00fcrfnisse als Dartfan und Sammler zugeschnitten. Egal, ob du den Wert deiner Karten ermitteln, deine Sammlung sicher verwahren oder neue M\u00f6glichkeiten in der Dart-Community entdecken m\u00f6chtest \u2013 wir bieten dir die Tools, um das Beste aus deinem Hobby herauszuholen. Mit \u00fcber&hellip;","_links":{"self":[{"href":"https:\/\/cardoche.de\/Startseite\/wp-json\/wp\/v2\/pages\/1020","targetHints":{"allow":["GET"]}}],"collection":[{"href":"https:\/\/cardoche.de\/Startseite\/wp-json\/wp\/v2\/pages"}],"about":[{"href":"https:\/\/cardoche.de\/Startseite\/wp-json\/wp\/v2\/types\/page"}],"author":[{"embeddable":true,"href":"https:\/\/cardoche.de\/Startseite\/wp-json\/wp\/v2\/users\/1"}],"replies":[{"embeddable":true,"href":"https:\/\/cardoche.de\/Startseite\/wp-json\/wp\/v2\/comments?post=1020"}],"version-history":[{"count":18,"href":"https:\/\/cardoche.de\/Startseite\/wp-json\/wp\/v2\/pages\/1020\/revisions"}],"predecessor-version":[{"id":1127,"href":"https:\/\/cardoche.de\/Startseite\/wp-json\/wp\/v2\/pages\/1020\/revisions\/1127"}],"wp:attachment":[{"href":"https:\/\/cardoche.de\/Startseite\/wp-json\/wp\/v2\/media?parent=1020"}],"curies":[{"name":"wp","href":"https:\/\/api.w.org\/{rel}","templated":true}]}}